{"id":571,"date":"2023-02-15T11:49:27","date_gmt":"2023-02-15T16:49:27","guid":{"rendered":"https:\/\/www.walterlamothe.com\/market-insights\/"},"modified":"2025-01-09T20:14:37","modified_gmt":"2025-01-10T01:14:37","slug":"perspectives-de-marche","status":"publish","type":"page","link":"https:\/\/www.walterlamothe.com\/fr\/perspectives-de-marche\/","title":{"rendered":"Perspectives"},"content":{"rendered":"\n<section class=\"row verticalPadding blockStyle fontLight bkgDefault has-background-img\" >\n      <div class=\"img-background\">\n      <div class=\"opacity\"><\/div>\n      <img decoding=\"async\" src=\"https:\/\/www.walterlamothe.com\/wp-content\/uploads\/2025\/01\/Insight-darker.png\" \/>\n    <\/div>\n    <div class=\"inner-container\">\n    <div class=\"jlm-block-texts column-center\" id=\"jlm-block_bbc7c7b0f7a116c63023279592af4883\">\n      \n            \n              <div class=\"block-texts column-center half-width row-space-small\">\n                      <div class=\"text column-center row-space-small\">\n                              <h3 class=\"title-h2\">Rehausser le leadership d\u2019influence<\/h3>\n                            \n              <div class=\"acf-wysiwyg\">\n                <p>D\u00e9couvrez ce qu\u2019il faut pour diriger avec impact. Nos perspectives vont au-del\u00e0 de l\u2019expertise, proposant des id\u00e9es audacieuses et des strat\u00e9gies qui inspirent l\u2019action et entra\u00eenent de v\u00e9ritables changements. Ici, vous trouverez les outils pour d\u00e9fier les normes, transformer les industries et renforcer votre influence.<\/p>\n              <\/div>\n\n                          <\/div>\n                  <\/div>\n      \n    <\/div>\n  <\/div>\n<\/section>\n\n\n\n<section class=\"row verticalPadding blockStyle fontDefault bkgWhite\" id=\"anchor-listing_articles\">\n    <div class=\"inner-container\">\n    <div class=\"jlm-block-articles column-center\" id=\"jlm-block_308ea3bf074ba2e8c07389223f1c7654\">\n\n      \n              <div class=\"row mbottom  \">  \n          <div class=\"title visually-hidden\">\n            <h2>Filtres du Blogue<\/h2>\n          <\/div>\n          <div class=\"listing filters articles\" data-mobile-filters=\"hide\">\n            <form id=\"article-filters\" method=\"get\" class=\"row-wrap items-gap\" action=\"https:\/\/www.walterlamothe.com\/wp-admin\/admin-ajax.php?action=articles_filters\">\n  <input type=\"hidden\" name=\"lang\" value=\"fr\" \/>\n  <input type=\"hidden\" name=\"mp\" value=\"1\" \/>\n  <input type=\"hidden\" name=\"nonce\" value=\"2b861890b7\" \/>\n  <input type=\"hidden\" name=\"items\" value=\"6\" \/>\n  <input type=\"hidden\" name=\"pagination_threshold\" value=\"1\" \/>\n\n  <div class=\"filter\">\n    <label>Cat\u00e9gories<\/label>\n    <select name=\"article_categories\">\n      <option value=\"\" selected>Toutes les cat\u00e9gories<\/option>\n                <option value=\"36\" >Perspectives<\/option>\n              <\/select>\n  <\/div>\n\n<\/form>\n          <\/div>\n        <\/div>\n      \n      <div class=\"listing items articles row-wrap\">\n                  <div class=\"card item-wrap column-center row-space-small\">\n              <div class=\"article-image img-container\">\n          <a href=\"https:\/\/www.walterlamothe.com\/fr\/article\/les-leaders-naissent-mais-les-crises-les-revelent\/\"><img decoding=\"async\" src=\"https:\/\/www.walterlamothe.com\/wp-content\/uploads\/2025\/05\/ChatGPT-Image-May-21-2025-05_15_40-PM-300x300.png\" alt=\"Les leaders naissent, mais les crises les r\u00e9v\u00e8lent\"><\/a>\n        <\/div>\n      \n      <h3 class=\"article-title\"><a href=\"https:\/\/www.walterlamothe.com\/fr\/article\/les-leaders-naissent-mais-les-crises-les-revelent\/\" class=\"title-h3\">Les leaders naissent, mais les crises les r\u00e9v\u00e8lent<\/a><\/h3>\n\n      \n      <div class=\"cta\">\n        <a href=\"https:\/\/www.walterlamothe.com\/fr\/article\/les-leaders-naissent-mais-les-crises-les-revelent\/\" class=\"margin-center\" title=\"Read more about Les leaders naissent, mais les crises les r\u00e9v\u00e8lent\">Lire la suite<\/a>\n      <\/div>\n\n    <\/div>\n          <div class=\"card item-wrap column-center row-space-small\">\n              <div class=\"article-image img-container\">\n          <a href=\"https:\/\/www.walterlamothe.com\/fr\/article\/la-capacite-de-choisir-que-decidez-vous-%f0%9f%a4%94\/\"><img decoding=\"async\" src=\"https:\/\/www.walterlamothe.com\/wp-content\/uploads\/2024\/10\/aaaaa-20240806_154334-400x300.jpg\" alt=\"La capacit\u00e9 de choisir : Que d\u00e9cidez-vous ? \ud83e\udd14\"><\/a>\n        <\/div>\n      \n      <h3 class=\"article-title\"><a href=\"https:\/\/www.walterlamothe.com\/fr\/article\/la-capacite-de-choisir-que-decidez-vous-%f0%9f%a4%94\/\" class=\"title-h3\">La capacit\u00e9 de choisir : Que d\u00e9cidez-vous ? \ud83e\udd14<\/a><\/h3>\n\n      \n      <div class=\"cta\">\n        <a href=\"https:\/\/www.walterlamothe.com\/fr\/article\/la-capacite-de-choisir-que-decidez-vous-%f0%9f%a4%94\/\" class=\"margin-center\" title=\"Read more about La capacit\u00e9 de choisir : Que d\u00e9cidez-vous ? \ud83e\udd14\">Lire la suite<\/a>\n      <\/div>\n\n    <\/div>\n          <div class=\"card item-wrap column-center row-space-small\">\n              <div class=\"article-image img-container\">\n          <a href=\"https:\/\/www.walterlamothe.com\/fr\/article\/vivre-dans-la-question-embrasser-lincertitude-pour-des-eclaircissements-plus-profonds\/\"><img decoding=\"async\" src=\"https:\/\/www.walterlamothe.com\/wp-content\/uploads\/2025\/02\/Screen-Shot-2017-03-30-at-22.26.55-527x300.jpeg\" alt=\"Vivre dans la question : Embrasser l&rsquo;incertitude pour des \u00e9claircissements plus profonds\"><\/a>\n        <\/div>\n      \n      <h3 class=\"article-title\"><a href=\"https:\/\/www.walterlamothe.com\/fr\/article\/vivre-dans-la-question-embrasser-lincertitude-pour-des-eclaircissements-plus-profonds\/\" class=\"title-h3\">Vivre dans la question : Embrasser l&rsquo;incertitude pour des \u00e9claircissements plus profonds<\/a><\/h3>\n\n      \n      <div class=\"cta\">\n        <a href=\"https:\/\/www.walterlamothe.com\/fr\/article\/vivre-dans-la-question-embrasser-lincertitude-pour-des-eclaircissements-plus-profonds\/\" class=\"margin-center\" title=\"Read more about Vivre dans la question : Embrasser l&rsquo;incertitude pour des \u00e9claircissements plus profonds\">Lire la suite<\/a>\n      <\/div>\n\n    <\/div>\n          <div class=\"card item-wrap column-center row-space-small\">\n              <div class=\"article-image img-container\">\n          <a href=\"https:\/\/www.walterlamothe.com\/fr\/article\/675\/\"><img decoding=\"async\" src=\"https:\/\/www.walterlamothe.com\/wp-content\/uploads\/2025\/01\/Day2-RCC-Wade_Muir_Photography-1096-scaled-1-450x300.jpg\" alt=\"Qu&rsquo;est-ce que le Leadership de Pens\u00e9e Transformationnelle et Pourquoi est-il Important?\"><\/a>\n        <\/div>\n      \n      <h3 class=\"article-title\"><a href=\"https:\/\/www.walterlamothe.com\/fr\/article\/675\/\" class=\"title-h3\">Qu&rsquo;est-ce que le Leadership de Pens\u00e9e Transformationnelle et Pourquoi est-il Important?<\/a><\/h3>\n\n      \n      <div class=\"cta\">\n        <a href=\"https:\/\/www.walterlamothe.com\/fr\/article\/675\/\" class=\"margin-center\" title=\"Read more about Qu&rsquo;est-ce que le Leadership de Pens\u00e9e Transformationnelle et Pourquoi est-il Important?\">Lire la suite<\/a>\n      <\/div>\n\n    <\/div>\n          <div class=\"card item-wrap column-center row-space-small\">\n              <div class=\"article-image img-container\">\n          <a href=\"https:\/\/www.walterlamothe.com\/fr\/article\/quand-lechec-sestompe-embrasser-la-liberte-de-loubli\/\"><img decoding=\"async\" src=\"https:\/\/www.walterlamothe.com\/wp-content\/uploads\/2025\/01\/1694636666195-400x300.jpeg\" alt=\"Quand l\u2019\u00e9chec s\u2019estompe : Embrasser la libert\u00e9 de l\u2019oubli\"><\/a>\n        <\/div>\n      \n      <h3 class=\"article-title\"><a href=\"https:\/\/www.walterlamothe.com\/fr\/article\/quand-lechec-sestompe-embrasser-la-liberte-de-loubli\/\" class=\"title-h3\">Quand l\u2019\u00e9chec s\u2019estompe : Embrasser la libert\u00e9 de l\u2019oubli<\/a><\/h3>\n\n      \n      <div class=\"cta\">\n        <a href=\"https:\/\/www.walterlamothe.com\/fr\/article\/quand-lechec-sestompe-embrasser-la-liberte-de-loubli\/\" class=\"margin-center\" title=\"Read more about Quand l\u2019\u00e9chec s\u2019estompe : Embrasser la libert\u00e9 de l\u2019oubli\">Lire la suite<\/a>\n      <\/div>\n\n    <\/div>\n          <div class=\"card item-wrap column-center row-space-small\">\n              <div class=\"article-image img-container\">\n          <a href=\"https:\/\/www.walterlamothe.com\/fr\/article\/passer-a-laction-une-feuille-de-route-pour-le-succes\/\"><img decoding=\"async\" src=\"https:\/\/www.walterlamothe.com\/wp-content\/uploads\/2024\/10\/aaaaaa-IMG_4581jpg-400x300.jpg\" alt=\"Passer \u00e0 l\u2019action : Une feuille de route pour le succ\u00e8s\"><\/a>\n        <\/div>\n      \n      <h3 class=\"article-title\"><a href=\"https:\/\/www.walterlamothe.com\/fr\/article\/passer-a-laction-une-feuille-de-route-pour-le-succes\/\" class=\"title-h3\">Passer \u00e0 l\u2019action : Une feuille de route pour le succ\u00e8s<\/a><\/h3>\n\n      \n      <div class=\"cta\">\n        <a href=\"https:\/\/www.walterlamothe.com\/fr\/article\/passer-a-laction-une-feuille-de-route-pour-le-succes\/\" class=\"margin-center\" title=\"Read more about Passer \u00e0 l\u2019action : Une feuille de route pour le succ\u00e8s\">Lire la suite<\/a>\n      <\/div>\n\n    <\/div>\n          <\/div>\n\n              <div class=\"pagination articles column-center mtop\">\n          <ul class=\"row-wrap\" \">\n      <li>\n      <button title=\"Go to page 1\" data-mp=\"1\" disabled type=\"button\">&lt;<\/button>\n    <\/li>\n          <li class=\"active\">\n                  <span>1<\/span>\n              <\/li>\n                  <li class=\"\">\n                  <button title=\"Page pr\u00e9c\u00e9dente\" data-mp=\"2\" type=\"button\">2<\/button>\n              <\/li>\n                <li>\n      <button title=\"Page suivante\" data-mp=\"2\"  type=\"button\">&gt;<\/button>\n    <\/li>\n    <\/ul>        <\/div>\n      \n    <\/div>\n  <\/div>\n<\/section>","protected":false},"excerpt":{"rendered":"","protected":false},"author":1,"featured_media":0,"parent":0,"menu_order":0,"comment_status":"closed","ping_status":"closed","template":"","meta":{"content-type":""},"acf":[],"_links":{"self":[{"href":"https:\/\/www.walterlamothe.com\/fr\/wp-json\/wp\/v2\/pages\/571"}],"collection":[{"href":"https:\/\/www.walterlamothe.com\/fr\/wp-json\/wp\/v2\/pages"}],"about":[{"href":"https:\/\/www.walterlamothe.com\/fr\/wp-json\/wp\/v2\/types\/page"}],"author":[{"embeddable":true,"href":"https:\/\/www.walterlamothe.com\/fr\/wp-json\/wp\/v2\/users\/1"}],"replies":[{"embeddable":true,"href":"https:\/\/www.walterlamothe.com\/fr\/wp-json\/wp\/v2\/comments?post=571"}],"version-history":[{"count":0,"href":"https:\/\/www.walterlamothe.com\/fr\/wp-json\/wp\/v2\/pages\/571\/revisions"}],"wp:attachment":[{"href":"https:\/\/www.walterlamothe.com\/fr\/wp-json\/wp\/v2\/media?parent=571"}],"curies":[{"name":"wp","href":"https:\/\/api.w.org\/{rel}","templated":true}]}}