{"id":570,"date":"2022-11-07T14:00:32","date_gmt":"2022-11-07T19:00:32","guid":{"rendered":"https:\/\/www.walterlamothe.com\/home\/"},"modified":"2025-01-23T14:41:38","modified_gmt":"2025-01-23T19:41:38","slug":"home","status":"publish","type":"page","link":"https:\/\/www.walterlamothe.com\/fr\/","title":{"rendered":"Walter Lamothe"},"content":{"rendered":"\n<section class=\"row verticalPadding blockStyle fontDefault bkgWhite\" id=\"anchor-services\">\n    <div class=\"inner-container\">\n    <div class=\"jlm-block-cards column-center\" id=\"jlm-block_f57a502ef35d91af89efab76773575c0\">\n      <div class=\"block-ext-wrapper\">\n      <h1 class=\"section-title\">Services<\/h1>\n  \n      <div class=\"block-group row-wrap nowrap pb-block\">\n              <header class=\"\">\n          <h2>Transformer les visions en r\u00e9alit\u00e9 : Croissance strat\u00e9gique et leadership<\/h2>\n        <\/header>\n      \n              <div class=\"block-description\">\n          \n                      <div class=\"acf-wysiwyg\">\n              <p><span style=\"font-weight: 400;\">Walter Lamothe est un leader visionnaire avec plus de 40 ans d\u2019exp\u00e9rience dans l\u2019industrie du commerce de d\u00e9tail. Reconnu pour sa capacit\u00e9 \u00e0 transformer des objectifs ambitieux en r\u00e9sultats concrets, il a constamment am\u00e9lior\u00e9 la rentabilit\u00e9 des marques, accru les parts de march\u00e9 et optimis\u00e9 l\u2019efficacit\u00e9 op\u00e9rationnelle gr\u00e2ce \u00e0 sa connaissance approfondie du march\u00e9 immobilier canadien et \u00e0 son vaste r\u00e9seau industriel. Walter excelle dans la transformation des cultures d\u2019entreprise et dans le rassemblement des parties prenantes autour d\u2019une vision commune, en mettant en \u0153uvre des missions strat\u00e9giques avec des r\u00e9sultats d\u00e9finis. Son expertise couvre le commerce de d\u00e9tail traditionnel, le commerce \u00e9lectronique, le marketing et le secteur du gros, o\u00f9 il a su faire cro\u00eetre, transformer et cr\u00e9er de nouveaux mod\u00e8les d\u2019affaires. Sa m\u00e9thodologie, ax\u00e9e sur la croissance, l\u2019agilit\u00e9, le leadership fort et la planification strat\u00e9gique, garantit que les visions ne restent pas qu\u2019imagin\u00e9es, mais qu\u2019elles deviennent r\u00e9alit\u00e9, faisant de lui un leader qui transforme les ambitions en succ\u00e8s.<\/span><\/p>\n            <\/div>\n          \n                      <div class=\"cta\">\n              <a href=\"https:\/\/www.walterlamothe.com\/fr\/#anchor-contact\" class=\"margin-center\" >Contactez-Nous<\/a>\n            <\/div>\n          \n        <\/div>\n          <\/div>\n  <\/div>      \n      <div class=\"block-cards row-wrap\">\n                  <div class=\"card row-space-small\">\n\n                          <div class=\"card-image img-container\">\n                <img decoding=\"async\" src=\"https:\/\/www.walterlamothe.com\/wp-content\/uploads\/2025\/01\/Speach-icon-1.png\" alt=\"Leadership \u00e9clair\u00e9 : \u00c9panouissement personnel\">\n              <\/div>\n            \n            <h3 class=\"card-title\">Leadership \u00e9clair\u00e9 : \u00c9panouissement personnel<\/h3>\n\n                          <div class=\"description\"><p>L\u2019objectif est d\u2019inspirer les individus \u00e0 repenser leur potentiel et \u00e0 d\u00e9couvrir de nouvelles opportunit\u00e9s de croissance personnelle et professionnelle. Le v\u00e9ritable succ\u00e8s commence \u00e0 l\u2019int\u00e9rieur de soi : en cultivant ses forces et en favorisant le d\u00e9veloppement personnel, chacun peut ouvrir de nouvelles portes vers l\u2019accomplissement.<\/p>\n<p>Cette perspective offre des id\u00e9es pr\u00e9cieuses et des approches novatrices \u00e0 travers des formats dynamiques comme des vid\u00e9os inspirantes, des balados r\u00e9fl\u00e9chis et des exp\u00e9riences \u00e9ducatives interactives. Il ne s\u2019agit pas de solutions rapides ou de changements radicaux dans les affaires, mais plut\u00f4t de cultiver un \u00e9tat d\u2019esprit qui favorise un succ\u00e8s durable et significatif, tant sur le plan personnel que professionnel.<\/p>\n<\/div>\n            \n            \n            <div class=\"spacer\"><\/div>\n          <\/div>\n                  <div class=\"card row-space-small\">\n\n                          <div class=\"card-image img-container\">\n                <img decoding=\"async\" src=\"https:\/\/www.walterlamothe.com\/wp-content\/uploads\/2025\/01\/Bonhommes-icon-1.png\" alt=\"Croissance transformationnelle\">\n              <\/div>\n            \n            <h3 class=\"card-title\">Croissance transformationnelle<\/h3>\n\n                          <div class=\"description\"><p>Notre approche vise \u00e0 permettre aux individus et aux organisations d\u2019exploiter leur plein potentiel gr\u00e2ce \u00e0 un m\u00e9lange de leadership \u00e9clair\u00e9 de haut niveau, de coaching personnalis\u00e9 et de conseils pratiques pour atteindre des r\u00e9sultats concrets. Nous mettons l\u2019accent sur l\u2019apprentissage de m\u00e9thodes efficaces pour r\u00e9aliser vos objectifs tout en adoptant une mentalit\u00e9 de croissance continue et de curiosit\u00e9. En apprenant \u00e0 \u00ab\u00a0vivre dans la question\u00a0\u00bb, vous d\u00e9velopperez une approche qui encourage une exploration plus approfondie et une pens\u00e9e innovante.<\/p>\n<p>Les exp\u00e9riences d\u2019apprentissage couvrent des sujets essentiels tels que la strat\u00e9gie versus la tactique, vous permettant d\u2019acqu\u00e9rir les comp\u00e9tences n\u00e9cessaires pour distinguer la planification \u00e0 long terme des actions imm\u00e9diates. Vous ma\u00eetriserez \u00e9galement l\u2019art d\u2019interroger votre environnement afin d\u2019identifier d\u00e9fis et opportunit\u00e9s. Nous vous guidons dans la cr\u00e9ation de processus structur\u00e9s pour g\u00e9n\u00e9rer des solutions dans des d\u00e9lais sp\u00e9cifiques, en utilisant les ressources ad\u00e9quates pour garantir un succ\u00e8s durable.<br \/>\nEn plus du coaching personnalis\u00e9, nous proposons des conf\u00e9rences inspirantes et des ateliers interactifs, chacun con\u00e7u pour remettre en question les id\u00e9es pr\u00e9con\u00e7ues, stimuler de nouvelles id\u00e9es et favoriser une croissance transformationnelle.<\/p>\n<\/div>\n            \n            \n            <div class=\"spacer\"><\/div>\n          <\/div>\n                  <div class=\"card row-space-small\">\n\n                          <div class=\"card-image img-container\">\n                <img decoding=\"async\" src=\"https:\/\/www.walterlamothe.com\/wp-content\/uploads\/2025\/01\/Tree-bonhommes-icon.png\" alt=\"Changements de mentalit\u00e9 pour un succ\u00e8s durable\">\n              <\/div>\n            \n            <h3 class=\"card-title\">Changements de mentalit\u00e9 pour un succ\u00e8s durable<\/h3>\n\n                          <div class=\"description\"><p>Nous croyons que le succ\u00e8s durable exige plus qu\u2019une simple acquisition de connaissances : il n\u00e9cessite un changement de mentalit\u00e9 et un engagement envers un d\u00e9veloppement continu. Notre approche int\u00e8gre un apprentissage pratique avec des id\u00e9es concr\u00e8tes pour vous aider non seulement \u00e0 assimiler de nouveaux concepts, mais aussi \u00e0 les appliquer efficacement dans des situations r\u00e9elles. Gr\u00e2ce \u00e0 des exp\u00e9riences immersives, notamment des discussions de groupe dynamiques et des projets collaboratifs, vous d\u00e9velopperez la confiance n\u00e9cessaire pour diriger avec clart\u00e9 et d\u00e9termination. Chaque programme est con\u00e7u pour vous doter des outils n\u00e9cessaires afin de progresser, de vous adapter \u00e0 des circonstances changeantes et d\u2019\u00e9lever continuellement votre parcours personnel et professionnel.<\/p>\n<\/div>\n            \n            \n            <div class=\"spacer\"><\/div>\n          <\/div>\n              <\/div>\n    <\/div>\n  <\/div>\n<\/section>\n\n\n<section class=\"row verticalPadding blockStyle fontLight bkgDefault has-background-img\" >\n      <div class=\"img-background\">\n      <div class=\"opacity\"><\/div>\n      <img decoding=\"async\" src=\"https:\/\/www.walterlamothe.com\/wp-content\/uploads\/2025\/01\/3-man-on-stage-grey-darker.jpg\" \/>\n    <\/div>\n    <div class=\"inner-container\">\n    <div class=\"jlm-block-texts column-center mtop mbottom\" id=\"jlm-block_615fe875a8c898dec4b568b619da1498\">\n      \n            \n              <div class=\"block-texts column-center half-width row-space-small\">\n                      <div class=\"text column-center row-space-small\">\n                              <h3 class=\"title-h1\">Favoriser l\u2019innovation gr\u00e2ce \u00e0 un coaching de haut niveau<\/h3>\n                            \n              <div class=\"acf-wysiwyg\">\n                <p><span style=\"font-weight: 400;\">Dans un monde en constante \u00e9volution, cultiver des liens solides est essentiel pour r\u00e9ussir en affaires. L\u2019accent est mis sur l\u2019importance de l\u2019intelligence \u00e9motionnelle dans la cr\u00e9ation de relations significatives avec les clients, les partenaires et les coll\u00e8gues. En d\u00e9veloppant la conscience de soi, l\u2019empathie et une communication efficace, les individus sont outill\u00e9s pour relever les d\u00e9fis et proposer des solutions novatrices. Cette approche encourage une exploration constante et le d\u00e9passement des limites, permettant aux \u00e9quipes de s\u2019adapter et de prosp\u00e9rer dans un environnement en rapide transformation.<\/span><\/p>\n              <\/div>\n\n                              <div class=\"cta\">\n                  <a href=\"https:\/\/www.walterlamothe.com\/fr\/#anchor-contact\" class=\"margin-center\" >Contactez-Nous<\/a>\n                <\/div>\n                          <\/div>\n                  <\/div>\n      \n    <\/div>\n  <\/div>\n<\/section>\n\n\n<section class=\"row verticalPadding blockStyle fontDefault bkgDefault removePaddingTop removePaddingBottom\" id=\"anchor-clients\">\n    <div class=\"inner-container\">\n    <div class=\"column-center column-space mtop\" id=\"jlm-block_5cfb30af9f86c5191565a6d8500c6133\" data-jlm-slider-breakpoints=\"s1:m2:l3:x3\">\n    \n      \n      <div class=\"jlm-block-slider\" id=\"jlm_slider_69fb32e65bbe7\" data-jlm-slider-breakpoints=\"s1:m1:l1:x1\">\n        \n        <div class=\"overlay\">\n          <div class=\"arrows\">\n            <button title=\"T\u00e9moignage pr\u00e9c\u00e9dent\" data-hg-action=\"prev\"><i class=\"fas fa-chevron-left\"><\/i><\/button>\n            <button title=\"Prochain t\u00e9moignage\" data-hg-action=\"next\"><i class=\"fas fa-chevron-right\"><\/i><\/button>\n          <\/div>\n        <\/div>\n\n        <div class=\"wrap-slides\">\n          <div class=\"list-slides\">\n                          <div class=\"item-slide\" data-jlm-slider=\"slide\">\n                <div class=\"mywrap\">\n                    \n                  <div class=\"block column-center\">\n                                          <div class=\"img-container\">\n                        <img decoding=\"async\" src=\"https:\/\/www.walterlamothe.com\/wp-content\/uploads\/2025\/01\/1712836342027.jpeg\" title=\"Prix d\u2019accomplissement exceptionnel 2024 du Conseil canadien du commerce de d\u00e9tail.\">\n                      <\/div>\n                                      <\/div>\n\n                  <div class=\"block column-left\">\n                                                              <h2 class=\"title\">Prix d\u2019accomplissement exceptionnel 2024 du Conseil canadien du commerce de d\u00e9tail.<\/h2>\n                    \n                                          <p class=\"description\">Walter Lamothe a b\u00e2ti une carri\u00e8re distingu\u00e9e de plus de quatre d\u00e9cennies dans le secteur du commerce de d\u00e9tail canadien, marqu\u00e9e par son leadership reconnu et son engagement constant envers l&rsquo;excellence.<\/p>\n                    \n                                          <div class=\"logo-container\">\n                        <img decoding=\"async\" src=\"https:\/\/www.walterlamothe.com\/wp-content\/uploads\/2022\/11\/RCC.png\" title=\"Prix d\u2019accomplissement exceptionnel 2024 du Conseil canadien du commerce de d\u00e9tail.\">\n                      <\/div>\n                    \n                    <div class=\"cta\">\n                      <a href=\"https:\/\/www.walterlamothe.com\/fr\/#anchor-contact\">Contactez-nous<\/a>\n                    <\/div>\n                  <\/div>\n\n                <\/div>\n\n              <\/div>\n                          <div class=\"item-slide\" data-jlm-slider=\"slide\">\n                <div class=\"mywrap\">\n                    \n                  <div class=\"block column-center\">\n                                          <div class=\"img-container\">\n                        <img decoding=\"async\" src=\"https:\/\/www.walterlamothe.com\/wp-content\/uploads\/2022\/11\/1551372622383.jpeg\" title=\"Audrey K. Sylvestre\">\n                      <\/div>\n                                      <\/div>\n\n                  <div class=\"block column-left\">\n                                                              <h2 class=\"title\">Audrey K. Sylvestre<\/h2>\n                    \n                                          <p class=\"description\">Je connais Walter depuis plus de 20 ans. Il est une v\u00e9ritable source de connaissances en commerce de d\u00e9tail et partage g\u00e9n\u00e9reusement sa vaste exp\u00e9rience. Il nous aide \u00e0 garder le cap sur la vision \u00e0 long terme et la vue d&rsquo;ensemble. <\/p>\n                    \n                                          <div class=\"logo-container\">\n                        <img decoding=\"async\" src=\"https:\/\/www.walterlamothe.com\/wp-content\/uploads\/2022\/11\/1644421726287.jpeg\" title=\"Audrey K. Sylvestre\">\n                      <\/div>\n                    \n                    <div class=\"cta\">\n                      <a href=\"https:\/\/www.walterlamothe.com\/fr\/#anchor-contact\">Contactez-nous<\/a>\n                    <\/div>\n                  <\/div>\n\n                <\/div>\n\n              <\/div>\n                          <div class=\"item-slide\" data-jlm-slider=\"slide\">\n                <div class=\"mywrap\">\n                    \n                  <div class=\"block column-center\">\n                                          <div class=\"img-container\">\n                        <img decoding=\"async\" src=\"https:\/\/www.walterlamothe.com\/wp-content\/uploads\/2022\/11\/images.png\" title=\"Francois Labelle\">\n                      <\/div>\n                                      <\/div>\n\n                  <div class=\"block column-left\">\n                                                              <h2 class=\"title\">Francois Labelle<\/h2>\n                    \n                                          <p class=\"description\">J\u2019ai eu le plaisir de travailler avec Walter chez Bentley &#038; Co., o\u00f9 son leadership a \u00e9t\u00e9 crucial pour am\u00e9liorer la performance de l\u2019entreprise durant sa p\u00e9riode la plus difficile. Son soutien et son mentorat ont fait de ces ann\u00e9es les meilleures.<\/p>\n                    \n                                          <div class=\"logo-container\">\n                        <img decoding=\"async\" src=\"https:\/\/www.walterlamothe.com\/wp-content\/uploads\/2022\/11\/1542843713985.jpeg\" title=\"Francois Labelle\">\n                      <\/div>\n                    \n                    <div class=\"cta\">\n                      <a href=\"https:\/\/www.walterlamothe.com\/fr\/#anchor-contact\">Contactez-nous<\/a>\n                    <\/div>\n                  <\/div>\n\n                <\/div>\n\n              <\/div>\n                      <\/div>\n        <\/div>\n\n        <div class=\"overlay visually-hidden\">\n          <div class=\"arrows\">\n            <button title=\"Previous testimonial\" data-hg-action=\"prev\"><i class=\"fas fa-chevron-left\"><\/i><\/button>\n            <button title=\"Next testimonial\" data-hg-action=\"next\"><i class=\"fas fa-chevron-right\"><\/i><\/button>\n          <\/div>\n          <div class=\"dots\">\n                         \n              <button title=\"Go to testimonial 1\" data-hg-action=\"goto\" data-hg-index=\"1\" class=\"current\"><\/button>\n                           \n              <button title=\"Go to testimonial 2\" data-hg-action=\"goto\" data-hg-index=\"2\" class=\"\"><\/button>\n                           \n              <button title=\"Go to testimonial 3\" data-hg-action=\"goto\" data-hg-index=\"3\" class=\"\"><\/button>\n                                    <\/div>\n        <\/div>\n        \n      <\/div>\n    <\/div>\n  <\/div>\n<\/section>\n\n\n\n<section class=\"row verticalPadding blockStyle fontDefault bkgBrand\" id=\"anchor-contact\">\n    <div class=\"inner-container\">\n    <div class=\"jlm-block-form column-center\" id=\"jlm-block_d52cf7451a29d4dede1fc3c9f656f07f\">\n      \n      \n      \n      <div class=\"row-wrap nowrap max-cols-2\">\n                  <div class=\"column-left\">\n                        \n            <h3 class=\"title\">\u00c9levez votre leadership d\u00e8s aujourd\u2019hui !<\/h3>\n            <div class=\"acf-wysiwyg\">\n              <p>&nbsp;<\/p>\n<p>\u00cates-vous pr\u00eat \u00e0 exploiter votre plein potentiel ? Participez \u00e0 un coaching de haut niveau con\u00e7u pour vous permettre de diriger avec confiance et d\u2019inspirer des solutions innovantes. Ne tardez pas \u00e0 transformer votre parcours\u2014contactez-nous via le formulaire ci-dessous et faites le premier pas vers l\u2019\u00e9l\u00e9vation de votre leadership d\u00e8s aujourd\u2019hui ! Votre chemin vers la croissance et le succ\u00e8s commence ici !<\/p>\n            <\/div>\n\n                        \n          <\/div>\n        \n                  <div class=\"form-wrapper\">\n            \n<div class=\"wpcf7 no-js\" id=\"wpcf7-f277-o1\" lang=\"en-US\" dir=\"ltr\">\n<div class=\"screen-reader-response\"><p role=\"status\" aria-live=\"polite\" aria-atomic=\"true\"><\/p> <ul><\/ul><\/div>\n<form action=\"\/fr\/wp-json\/wp\/v2\/pages\/570#wpcf7-f277-o1\" method=\"post\" class=\"wpcf7-form init\" aria-label=\"Contact form\" novalidate=\"novalidate\" data-status=\"init\">\n<div style=\"display: none;\">\n<input type=\"hidden\" name=\"_wpcf7\" value=\"277\" \/>\n<input type=\"hidden\" name=\"_wpcf7_version\" value=\"5.7.3\" \/>\n<input type=\"hidden\" name=\"_wpcf7_locale\" value=\"en_US\" \/>\n<input type=\"hidden\" name=\"_wpcf7_unit_tag\" value=\"wpcf7-f277-o1\" \/>\n<input type=\"hidden\" name=\"_wpcf7_container_post\" value=\"0\" \/>\n<input type=\"hidden\" name=\"_wpcf7_posted_data_hash\" value=\"\" \/>\n<input type=\"hidden\" name=\"_wpcf7_recaptcha_response\" value=\"\" \/>\n<\/div>\n<div class=\"title\">\n\t<p>Commen\u00e7ons\n\t<\/p>\n<\/div>\n<div class=\"required\">\n\t<div class=\"label visually-hidden\">\n\t\t<p><label for=\"cf_name_277\">Nom *<\/label>\n\t\t<\/p>\n\t<\/div>\n\t<div class=\"field\">\n\t\t<p><span class=\"wpcf7-form-control-wrap\" data-name=\"cf_name\"><input size=\"40\" class=\"wpcf7-form-control wpcf7-text wpcf7-validates-as-required\" id=\"cf_name_277\" aria-required=\"true\" aria-invalid=\"false\" placeholder=\"* Nom\" value=\"\" type=\"text\" name=\"cf_name\" \/><\/span>\n\t\t<\/p>\n\t<\/div>\n<\/div>\n<div class=\"required\">\n\t<div class=\"label visually-hidden\">\n\t\t<p><label for=\"cf_email_277\">Courriel *<\/label>\n\t\t<\/p>\n\t<\/div>\n\t<div class=\"field\">\n\t\t<p><span class=\"wpcf7-form-control-wrap\" data-name=\"cf_email\"><input size=\"40\" class=\"wpcf7-form-control wpcf7-text wpcf7-email wpcf7-validates-as-required wpcf7-validates-as-email\" aria-required=\"true\" aria-invalid=\"false\" placeholder=\"* Adresse courriel\" value=\"\" type=\"email\" name=\"cf_email\" \/><\/span>\n\t\t<\/p>\n\t<\/div>\n<\/div>\n<div class=\"required\">\n\t<div class=\"label visually-hidden\">\n\t\t<p><label for=\"cf_subject_277\">Sujet *<\/label>\n\t\t<\/p>\n\t<\/div>\n\t<div class=\"field\">\n\t\t<p><span class=\"wpcf7-form-control-wrap\" data-name=\"cf_subject\"><input size=\"40\" class=\"wpcf7-form-control wpcf7-text wpcf7-validates-as-required\" id=\"cf_subject_277\" aria-required=\"true\" aria-invalid=\"false\" placeholder=\"* Sujet\" value=\"\" type=\"text\" name=\"cf_subject\" \/><\/span>\n\t\t<\/p>\n\t<\/div>\n<\/div>\n<div class=\"required\">\n\t<div class=\"label visually-hidden\">\n\t\t<p><label for=\"cf_message_277\">Message *<\/label>\n\t\t<\/p>\n\t<\/div>\n\t<div class=\"field\">\n\t\t<p><span class=\"wpcf7-form-control-wrap\" data-name=\"cf_message\"><textarea cols=\"0\" rows=\"0\" class=\"wpcf7-form-control wpcf7-textarea wpcf7-validates-as-required\" id=\"cf_message_277\" aria-required=\"true\" aria-invalid=\"false\" placeholder=\"* Message\" name=\"cf_message\"><\/textarea><\/span>\n\t\t<\/p>\n\t<\/div>\n<\/div>\n<div class=\"form-button\">\n\t<p><input class=\"wpcf7-form-control has-spinner wpcf7-submit\" type=\"submit\" value=\"Soumettre\" \/>\n\t<\/p>\n<\/div><div class=\"wpcf7-response-output\" aria-hidden=\"true\"><\/div>\n<\/form>\n<\/div>\n          <\/div>\n        \n      <\/div>\n    <\/div>\n  <\/div>\n<\/div>\n\n","protected":false},"excerpt":{"rendered":"<p>Your business just got better. Be bold, stand out, and make an impact. Fuel your growth with smart marketing.<\/p>\n","protected":false},"author":1,"featured_media":0,"parent":0,"menu_order":0,"comment_status":"closed","ping_status":"open","template":"","meta":{"content-type":""},"acf":[],"_links":{"self":[{"href":"https:\/\/www.walterlamothe.com\/fr\/wp-json\/wp\/v2\/pages\/570"}],"collection":[{"href":"https:\/\/www.walterlamothe.com\/fr\/wp-json\/wp\/v2\/pages"}],"about":[{"href":"https:\/\/www.walterlamothe.com\/fr\/wp-json\/wp\/v2\/types\/page"}],"author":[{"embeddable":true,"href":"https:\/\/www.walterlamothe.com\/fr\/wp-json\/wp\/v2\/users\/1"}],"replies":[{"embeddable":true,"href":"https:\/\/www.walterlamothe.com\/fr\/wp-json\/wp\/v2\/comments?post=570"}],"version-history":[{"count":0,"href":"https:\/\/www.walterlamothe.com\/fr\/wp-json\/wp\/v2\/pages\/570\/revisions"}],"wp:attachment":[{"href":"https:\/\/www.walterlamothe.com\/fr\/wp-json\/wp\/v2\/media?parent=570"}],"curies":[{"name":"wp","href":"https:\/\/api.w.org\/{rel}","templated":true}]}}